{"id":1986,"date":"2022-09-07T12:14:29","date_gmt":"2022-09-07T16:14:29","guid":{"rendered":"https:\/\/druide.wpengine.com\/notre-monde\/loyalty-program\/"},"modified":"2025-11-27T15:01:53","modified_gmt":"2025-11-27T20:01:53","slug":"programme-de-fidelite","status":"publish","type":"page","link":"https:\/\/druidebio.com\/fr\/univers-druide\/programme-de-fidelite\/","title":{"rendered":"Programme de fid\u00e9lit\u00e9"},"content":{"rendered":"\n\t<section class=\"section\" id=\"section_1484227628\">\n\t\t<div class=\"section-bg fill\" >\n\t\t\t<img loading=\"lazy\" decoding=\"async\" width=\"1397\" height=\"853\" src=\"https:\/\/druidebio.com\/wp-content\/uploads\/2023\/08\/cta-gifts.jpg\" class=\"bg attachment- size-\" alt=\"\" \/>\t\t\t\t\t\t\n\t\t\t\n\n\t\t<\/div>\n\n\t\t\n\n\t\t<div class=\"section-content relative\">\n\t\t\t\n<div class=\"row row-collapse row-full-width align-middle align-center\"  id=\"row-389732457\">\n\n\t<div id=\"col-1290317566\" class=\"col medium-12 small-12 large-6 medium-col-first\"  >\n\t\t\t\t<div class=\"col-inner\"  >\n\t\t\t\n\t\t\t\n\n  <div class=\"banner has-hover\" id=\"banner-861777600\">\n          <div class=\"banner-inner fill\">\n        <div class=\"banner-bg fill\" >\n                                                \n                    <\/div>\n\t\t\n        <div class=\"banner-layers container\">\n            <div class=\"fill banner-link\"><\/div>            \n   <div id=\"text-box-880968388\" class=\"text-box banner-layer x50 md-x50 lg-x50 y50 md-y50 lg-y50 res-text\">\n                                <div class=\"text-box-content text dark\">\n              \n              <div class=\"text-inner text-center\">\n                  \n              <\/div>\n           <\/div>\n                            \n<style>\n#text-box-880968388 {\n  width: 60%;\n}\n#text-box-880968388 .text-box-content {\n  font-size: 100%;\n}\n@media (min-width:550px) {\n  #text-box-880968388 {\n    width: 60%;\n  }\n}\n<\/style>\n    <\/div>\n \n        <\/div>\n      <\/div>\n\n            \n<style>\n#banner-861777600 {\n  padding-top: 300px;\n  background-color: rgba(255, 255, 255, 0);\n}\n@media (min-width:550px) {\n  #banner-861777600 {\n    padding-top: 400px;\n  }\n}\n@media (min-width:850px) {\n  #banner-861777600 {\n    padding-top: 550px;\n  }\n}\n<\/style>\n  <\/div>\n\n\n\t\t<\/div>\n\t\t\t\t\t<\/div>\n\n\t\n\n\t<div id=\"col-848275437\" class=\"col index-up medium-12 small-11 large-6\"  >\n\t\t\t\t<div class=\"col-inner\"  >\n\t\t\t\n\t\t\t\n\t<div id=\"gap-72361257\" class=\"gap-element clearfix\" style=\"display:block; height:auto;\">\n\t\t\n<style>\n#gap-72361257 {\n  padding-top: 30px;\n}\n<\/style>\n\t<\/div>\n\t\n<div class=\"row align-center\"  id=\"row-486196682\">\n\n\t<div id=\"col-421570492\" class=\"col index-up medium-11 small-12 large-12\"  >\n\t\t\t\t<div class=\"col-inner text-center\" style=\"background-color:rgba(18, 18, 19, 0.8);\" >\n\t\t\t\n\t\t\t\n\t<div id=\"text-3801856317\" class=\"text\">\n\t\t\n<h1><span style=\"font-size: 200%;\">Programme de fid\u00e9lit\u00e9 Druide<\/span><\/h1>\n<p><strong>Gagnez des points de r\u00e9compense DRUIDE<\/strong> \u00e0 chaque fois que vous achetez. Druide propose un programme de points de r\u00e9compense pour remercier ses clients de leur fid\u00e9lit\u00e9. Vous pouvez utiliser vos points pour tout achat, \u00e0 tout moment, pour n&rsquo;importe lequel de nos produits en ligne. Pas de minimum*, pas de commandes multiples, pas de d\u00e9sordre. C&rsquo;est simple et clair. Lors du passage de la commande, il vous suffit de choisir le nombre de points que vous souhaitez utiliser pour votre commande et la valeur sera d\u00e9duite du montant total avant taxes, frais d&rsquo;exp\u00e9dition et remises.<br \/>\n\t\t\n<style>\n#text-3801856317 {\n  color: rgb(255,255,255);\n}\n#text-3801856317 > * {\n  color: rgb(255,255,255);\n}\n<\/style>\n\t<\/div>\n\t\n\t\t<\/div>\n\t\t\t\t\n<style>\n#col-421570492 > .col-inner {\n  padding: 15% 10% 15% 10%;\n  margin: -100px 0px 0px 0px;\n  border-radius: 5px;\n}\n@media (min-width:550px) {\n  #col-421570492 > .col-inner {\n    padding: 6% 6% 6% 6%;\n    margin: -150px 0px 0px 0px;\n  }\n}\n@media (min-width:850px) {\n  #col-421570492 > .col-inner {\n    padding: 7% 10% 7% 10%;\n    margin: 0px 0px 0px -100px;\n  }\n}\n<\/style>\n\t<\/div>\n\n\t\n<\/div>\n\t\t<\/div>\n\t\t\t\t\n<style>\n#col-848275437 > .col-inner {\n  padding: 10px 0px 20px 0px;\n}\n@media (min-width:550px) {\n  #col-848275437 > .col-inner {\n    padding: 35px 0px 30px 0px;\n  }\n}\n@media (min-width:850px) {\n  #col-848275437 > .col-inner {\n    padding: 0 0px 0px 0px;\n  }\n}\n<\/style>\n\t<\/div>\n\n\t\n<\/div>\n\t\t<\/div>\n\n\t\t\n<style>\n#section_1484227628 {\n  padding-top: 0px;\n  padding-bottom: 0px;\n  margin-bottom: 0px;\n  background-color: #121213;\n}\n@media (min-width:550px) {\n  #section_1484227628 {\n    padding-top: 0px;\n    padding-bottom: 0px;\n  }\n}\n<\/style>\n\t<\/section>\n\t\n\n\t<section class=\"section\" id=\"section_675051812\">\n\t\t<div class=\"section-bg fill\" >\n\t\t\t\t\t\t\t\t\t\n\t\t\t\n\n\t\t<\/div>\n\n\t\t\n\n\t\t<div class=\"section-content relative\">\n\t\t\t\n\t<div id=\"gap-472253557\" class=\"gap-element clearfix\" style=\"display:block; height:auto;\">\n\t\t\n<style>\n#gap-472253557 {\n  padding-top: 30px;\n}\n<\/style>\n\t<\/div>\n\t\n<div class=\"row\"  id=\"row-1222508976\">\n\n\t<div id=\"col-1700164488\" class=\"col medium-4 small-12 large-4\"  >\n\t\t\t\t<div class=\"col-inner\"  >\n\t\t\t\n\t\t\t\n\t<div id=\"text-756930740\" class=\"text\">\n\t\t\n<h3>Pourquoi adh\u00e9rer ?<\/h3>\n\t\t\n<style>\n#text-756930740 {\n  font-size: 1.75rem;\n}\n<\/style>\n\t<\/div>\n\t\n\t\t<\/div>\n\t\t\t\t\t<\/div>\n\n\t\n\n\t<div id=\"col-555166319\" class=\"col medium-8 small-12 large-8\"  >\n\t\t\t\t<div class=\"col-inner\"  >\n\t\t\t\n\t\t\t\n<p>Recevez des points <strong>Druide<\/strong> \u00e0 chaque achat. C&rsquo;est <strong>GRATUIT<\/strong> et c&rsquo;est <strong>FACILE !<\/strong> Les points peuvent \u00eatre utilis\u00e9s pour obtenir des r\u00e9ductions sur n&rsquo;importe quel produit \u00e9ligible.<\/p>\n\t\t<\/div>\n\t\t\t\t\t<\/div>\n\n\t\n<\/div>\n<div class=\"row\"  id=\"row-1737750172\">\n\n\t<div id=\"col-1784058358\" class=\"col medium-4 small-12 large-4\"  >\n\t\t\t\t<div class=\"col-inner\"  >\n\t\t\t\n\t\t\t\n\t<div id=\"text-1360787818\" class=\"text\">\n\t\t\n<h3>Comment cela fonctionne-t-il ?<\/h3>\n\t\t\n<style>\n#text-1360787818 {\n  font-size: 1.75rem;\n}\n<\/style>\n\t<\/div>\n\t\n\t\t<\/div>\n\t\t\t\t\t<\/div>\n\n\t\n\n\t<div id=\"col-915561781\" class=\"col medium-8 small-12 large-8\"  >\n\t\t\t\t<div class=\"col-inner\"  >\n\t\t\t\n\t\t\t\n<p>Vous devez avoir cr\u00e9\u00e9 un compte pour pouvoir participer au <strong>programme de fid\u00e9lisation<\/strong>.<\/p>\n<p>Recevez 1 point pour chaque dollar d\u00e9pens\u00e9. Les points sont calcul\u00e9s sur la base du prix de d\u00e9tail avant taxes, frais d&rsquo;exp\u00e9dition et apr\u00e8s remises. Si vous \u00eates un client existant, il vous suffit de vous connecter et de commencer vos achats. Les points seront attribu\u00e9s une fois que le statut de la commande aura atteint Termin\u00e9.<\/p>\n\t\t<\/div>\n\t\t\t\t\t<\/div>\n\n\t\n<\/div>\n<div class=\"row\"  id=\"row-340720516\">\n\n\t<div id=\"col-908679112\" class=\"col medium-4 small-12 large-4\"  >\n\t\t\t\t<div class=\"col-inner\"  >\n\t\t\t\n\t\t\t\n\t<div id=\"text-2198236398\" class=\"text\">\n\t\t\n<h3>Formulaire de conversion<\/h3>\n\t\t\n<style>\n#text-2198236398 {\n  font-size: 1.75rem;\n}\n<\/style>\n\t<\/div>\n\t\n\t\t<\/div>\n\t\t\t\t\t<\/div>\n\n\t\n\n\t<div id=\"col-2146121394\" class=\"col medium-8 small-12 large-8\"  >\n\t\t\t\t<div class=\"col-inner\"  >\n\t\t\t\n\t\t\t\n<p>Les points DRUIDE valent 1$ chacun :<\/p>\n<ul>\n<li class=\"bullet-arrow\">1$ d\u00e9pens\u00e9 = 0.10 points de r\u00e9compense (0.10$)<\/li>\n<li class=\"bullet-arrow\">1 point de r\u00e9compense = 10$ de cr\u00e9dit<\/li>\n<\/ul>\n<p>Pour ceux d&rsquo;entre vous qui n&rsquo;aiment pas les math\u00e9matiques, notre syst\u00e8me de r\u00e9compense est un syst\u00e8me de <strong>retour de 10%<\/strong>. De temps en temps, nous pouvons proposer des offres sp\u00e9ciales, notamment des journ\u00e9es o\u00f9 les points de r\u00e9compense sont doubl\u00e9s ou tripl\u00e9s, des points suppl\u00e9mentaires sur certains produits, etc.<\/p>\n\t\t<\/div>\n\t\t\t\t\t<\/div>\n\n\t\n<\/div>\n<div class=\"row\"  id=\"row-1830307515\">\n\n\t<div id=\"col-1119237994\" class=\"col medium-4 small-12 large-4\"  >\n\t\t\t\t<div class=\"col-inner\"  >\n\t\t\t\n\t\t\t\n\t<div id=\"text-2542742518\" class=\"text\">\n\t\t\n<h3>Comment puis-je \u00e9changer mes points ?<\/h3>\n\t\t\n<style>\n#text-2542742518 {\n  font-size: 1.75rem;\n}\n<\/style>\n\t<\/div>\n\t\n\t\t<\/div>\n\t\t\t\t\t<\/div>\n\n\t\n\n\t<div id=\"col-840064420\" class=\"col medium-8 small-12 large-8\"  >\n\t\t\t\t<div class=\"col-inner\"  >\n\t\t\t\n\t\t\t\n<p>Les points DRUIDE peuvent \u00eatre \u00e9chang\u00e9s lors du processus de paiement. Il suffit d&rsquo;entrer le nombre de points que vous souhaitez utiliser pour votre achat et le prix sera automatiquement ajust\u00e9 en cons\u00e9quence.<\/p>\n\t\t<\/div>\n\t\t\t\t\t<\/div>\n\n\t\n<\/div>\n<div class=\"row\"  id=\"row-1721304073\">\n\n\t<div id=\"col-625972446\" class=\"col medium-4 small-12 large-4\"  >\n\t\t\t\t<div class=\"col-inner\"  >\n\t\t\t\n\t\t\t\n\t<div id=\"text-3406877078\" class=\"text\">\n\t\t\n<h3>Conditions<\/h3>\n\t\t\n<style>\n#text-3406877078 {\n  font-size: 1.75rem;\n}\n<\/style>\n\t<\/div>\n\t\n\t\t<\/div>\n\t\t\t\t\t<\/div>\n\n\t\n\n\t<div id=\"col-478086344\" class=\"col medium-8 small-12 large-8\"  >\n\t\t\t\t<div class=\"col-inner\"  >\n\t\t\t\n\t\t\t\n<ul>\n<li class=\"bullet-arrow\">Les points DRUIDE sont uniquement pour vous ! Ils ne peuvent \u00eatre vendus, transf\u00e9r\u00e9s ou \u00e9chang\u00e9s.<\/li>\n<li class=\"bullet-arrow\">Les points DRUIDE n&rsquo;ont aucune valeur mon\u00e9taire et ne peuvent \u00eatre \u00e9chang\u00e9s contre de l&rsquo;argent.<\/li>\n<li class=\"bullet-arrow\">Gagnez des points DRUIDE sur chaque dollar d\u00e9pens\u00e9 avant taxes, frais d&rsquo;exp\u00e9dition et apr\u00e8s rabais.<\/li>\n<li class=\"bullet-arrow\">Les points DRUIDE ne peuvent pas \u00eatre utilis\u00e9s pour les frais d&rsquo;exp\u00e9dition et les taxes.<\/li>\n<li class=\"bullet-arrow\">Les coupons ne seront pas appliqu\u00e9s si des points DRUIDE sont \u00e9chang\u00e9s sur une commande.<\/li>\n<li class=\"bullet-arrow\">Les points DRUIDE seront attribu\u00e9s une fois que la commande aura atteint le statut \u00ab\u00a0Termin\u00e9\u00a0\u00bb.<\/li>\n<li class=\"bullet-arrow\">Les points DRUIDE ne seront pas gagn\u00e9s sur les articles qui ont \u00e9t\u00e9 retourn\u00e9s. Les points gagn\u00e9s sur cette commande seront retir\u00e9s du solde de points de l&rsquo;utilisateur.<\/li>\n<li class=\"bullet-arrow\">Les points DRUIDE ne peuvent \u00eatre combin\u00e9s \u00e0 aucune autre promotion en cours.<\/li>\n<\/ul>\n<p>Veuillez <a href=\"\/fr\/contact\/\"><strong>nous contacter<\/strong><\/a> pour toute question ou demande.<\/p>\n\t\t<\/div>\n\t\t\t\t\t<\/div>\n\n\t\n<\/div>\n\t\t<\/div>\n\n\t\t\n<style>\n#section_675051812 {\n  padding-top: 30px;\n  padding-bottom: 30px;\n}\n<\/style>\n\t<\/section>\n\t\n","protected":false},"excerpt":{"rendered":"","protected":false},"author":1,"featured_media":0,"parent":1981,"menu_order":0,"comment_status":"closed","ping_status":"closed","template":"page-blank.php","meta":{"footnotes":""},"class_list":["post-1986","page","type-page","status-publish","hentry"],"yoast_head":"<!-- This site is optimized with the Yoast SEO plugin v27.1.1 - https:\/\/yoast.com\/product\/yoast-seo-wordpress\/ -->\n<title>Programme de fid\u00e9lit\u00e9 | Laboratoires Druide\u00ae | Bio For Life<\/title>\n<meta name=\"description\" content=\"Gagnez des points de r\u00e9compense Druide \u00e0 chaque fois que vous achetez. Druide propose un programme de points de r\u00e9compense pour remercier ses clients de leur fid\u00e9lit\u00e9.\" \/>\n<meta name=\"robots\" content=\"index, follow, max-snippet:-1, max-image-preview:large, max-video-preview:-1\" \/>\n<link rel=\"canonical\" href=\"https:\/\/druidebio.com\/fr\/univers-druide\/programme-de-fidelite\/\" \/>\n<meta property=\"og:locale\" content=\"fr_FR\" \/>\n<meta property=\"og:type\" content=\"article\" \/>\n<meta property=\"og:title\" content=\"Programme de fid\u00e9lit\u00e9 | Laboratoires Druide\u00ae | Bio For Life\" \/>\n<meta property=\"og:description\" content=\"Gagnez des points de r\u00e9compense Druide \u00e0 chaque fois que vous achetez. Druide propose un programme de points de r\u00e9compense pour remercier ses clients de leur fid\u00e9lit\u00e9.\" \/>\n<meta property=\"og:url\" content=\"https:\/\/druidebio.com\/fr\/univers-druide\/programme-de-fidelite\/\" \/>\n<meta property=\"og:site_name\" content=\"Laboratoires Druide\u00ae | Bio For Life\" \/>\n<meta property=\"article:publisher\" content=\"https:\/\/www.facebook.com\/infodruide\" \/>\n<meta property=\"article:modified_time\" content=\"2025-11-27T20:01:53+00:00\" \/>\n<meta property=\"og:image\" content=\"https:\/\/druidebio.com\/wp-content\/uploads\/2023\/08\/newsletter.jpg\" \/>\n\t<meta property=\"og:image:width\" content=\"1900\" \/>\n\t<meta property=\"og:image:height\" content=\"1065\" \/>\n\t<meta property=\"og:image:type\" content=\"image\/jpeg\" \/>\n<meta name=\"twitter:card\" content=\"summary_large_image\" \/>\n<script type=\"application\/ld+json\" class=\"yoast-schema-graph\">{\"@context\":\"https:\/\/schema.org\",\"@graph\":[{\"@type\":\"WebPage\",\"@id\":\"https:\/\/druidebio.com\/fr\/univers-druide\/programme-de-fidelite\/\",\"url\":\"https:\/\/druidebio.com\/fr\/univers-druide\/programme-de-fidelite\/\",\"name\":\"Programme de fid\u00e9lit\u00e9 | Laboratoires Druide\u00ae | Bio For Life\",\"isPartOf\":{\"@id\":\"https:\/\/druidebio.com\/fr\/#website\"},\"datePublished\":\"2022-09-07T16:14:29+00:00\",\"dateModified\":\"2025-11-27T20:01:53+00:00\",\"description\":\"Gagnez des points de r\u00e9compense Druide \u00e0 chaque fois que vous achetez. Druide propose un programme de points de r\u00e9compense pour remercier ses clients de leur fid\u00e9lit\u00e9.\",\"breadcrumb\":{\"@id\":\"https:\/\/druidebio.com\/fr\/univers-druide\/programme-de-fidelite\/#breadcrumb\"},\"inLanguage\":\"fr-FR\",\"potentialAction\":[{\"@type\":\"ReadAction\",\"target\":[\"https:\/\/druidebio.com\/fr\/univers-druide\/programme-de-fidelite\/\"]}]},{\"@type\":\"BreadcrumbList\",\"@id\":\"https:\/\/druidebio.com\/fr\/univers-druide\/programme-de-fidelite\/#breadcrumb\",\"itemListElement\":[{\"@type\":\"ListItem\",\"position\":1,\"name\":\"Home\",\"item\":\"https:\/\/druidebio.com\/fr\/\"},{\"@type\":\"ListItem\",\"position\":2,\"name\":\"L\u2019Univers Druide\",\"item\":\"https:\/\/druidebio.com\/fr\/univers-druide\/\"},{\"@type\":\"ListItem\",\"position\":3,\"name\":\"Programme de fid\u00e9lit\u00e9\"}]},{\"@type\":\"WebSite\",\"@id\":\"https:\/\/druidebio.com\/fr\/#website\",\"url\":\"https:\/\/druidebio.com\/fr\/\",\"name\":\"Laboratoires Druide\u00ae | Bio For Life\",\"description\":\"Natural and Organic Products. ECOCERT\u00ae Certified.\",\"publisher\":{\"@id\":\"https:\/\/druidebio.com\/fr\/#organization\"},\"alternateName\":\"Druide\",\"potentialAction\":[{\"@type\":\"SearchAction\",\"target\":{\"@type\":\"EntryPoint\",\"urlTemplate\":\"https:\/\/druidebio.com\/fr\/?s={search_term_string}\"},\"query-input\":{\"@type\":\"PropertyValueSpecification\",\"valueRequired\":true,\"valueName\":\"search_term_string\"}}],\"inLanguage\":\"fr-FR\"},{\"@type\":\"Organization\",\"@id\":\"https:\/\/druidebio.com\/fr\/#organization\",\"name\":\"Druide\",\"alternateName\":\"Laboratoires Druide\",\"url\":\"https:\/\/druidebio.com\/fr\/\",\"logo\":{\"@type\":\"ImageObject\",\"inLanguage\":\"fr-FR\",\"@id\":\"https:\/\/druidebio.com\/fr\/#\/schema\/logo\/image\/\",\"url\":\"https:\/\/druidebio.com\/wp-content\/uploads\/2022\/08\/logo-fav.png\",\"contentUrl\":\"https:\/\/druidebio.com\/wp-content\/uploads\/2022\/08\/logo-fav.png\",\"width\":512,\"height\":512,\"caption\":\"Druide\"},\"image\":{\"@id\":\"https:\/\/druidebio.com\/fr\/#\/schema\/logo\/image\/\"},\"sameAs\":[\"https:\/\/www.facebook.com\/infodruide\",\"https:\/\/www.instagram.com\/druidebio\/\",\"https:\/\/www.pinterest.ca\/DruideBioCanada\/\",\"https:\/\/www.youtube.com\/user\/DRUIDECANADA\"]}]}<\/script>\n<!-- \/ Yoast SEO plugin. -->","yoast_head_json":{"title":"Programme de fid\u00e9lit\u00e9 | Laboratoires Druide\u00ae | Bio For Life","description":"Gagnez des points de r\u00e9compense Druide \u00e0 chaque fois que vous achetez. Druide propose un programme de points de r\u00e9compense pour remercier ses clients de leur fid\u00e9lit\u00e9.","robots":{"index":"index","follow":"follow","max-snippet":"max-snippet:-1","max-image-preview":"max-image-preview:large","max-video-preview":"max-video-preview:-1"},"canonical":"https:\/\/druidebio.com\/fr\/univers-druide\/programme-de-fidelite\/","og_locale":"fr_FR","og_type":"article","og_title":"Programme de fid\u00e9lit\u00e9 | Laboratoires Druide\u00ae | Bio For Life","og_description":"Gagnez des points de r\u00e9compense Druide \u00e0 chaque fois que vous achetez. Druide propose un programme de points de r\u00e9compense pour remercier ses clients de leur fid\u00e9lit\u00e9.","og_url":"https:\/\/druidebio.com\/fr\/univers-druide\/programme-de-fidelite\/","og_site_name":"Laboratoires Druide\u00ae | Bio For Life","article_publisher":"https:\/\/www.facebook.com\/infodruide","article_modified_time":"2025-11-27T20:01:53+00:00","og_image":[{"width":1900,"height":1065,"url":"https:\/\/druidebio.com\/wp-content\/uploads\/2023\/08\/newsletter.jpg","type":"image\/jpeg"}],"twitter_card":"summary_large_image","schema":{"@context":"https:\/\/schema.org","@graph":[{"@type":"WebPage","@id":"https:\/\/druidebio.com\/fr\/univers-druide\/programme-de-fidelite\/","url":"https:\/\/druidebio.com\/fr\/univers-druide\/programme-de-fidelite\/","name":"Programme de fid\u00e9lit\u00e9 | Laboratoires Druide\u00ae | Bio For Life","isPartOf":{"@id":"https:\/\/druidebio.com\/fr\/#website"},"datePublished":"2022-09-07T16:14:29+00:00","dateModified":"2025-11-27T20:01:53+00:00","description":"Gagnez des points de r\u00e9compense Druide \u00e0 chaque fois que vous achetez. Druide propose un programme de points de r\u00e9compense pour remercier ses clients de leur fid\u00e9lit\u00e9.","breadcrumb":{"@id":"https:\/\/druidebio.com\/fr\/univers-druide\/programme-de-fidelite\/#breadcrumb"},"inLanguage":"fr-FR","potentialAction":[{"@type":"ReadAction","target":["https:\/\/druidebio.com\/fr\/univers-druide\/programme-de-fidelite\/"]}]},{"@type":"BreadcrumbList","@id":"https:\/\/druidebio.com\/fr\/univers-druide\/programme-de-fidelite\/#breadcrumb","itemListElement":[{"@type":"ListItem","position":1,"name":"Home","item":"https:\/\/druidebio.com\/fr\/"},{"@type":"ListItem","position":2,"name":"L\u2019Univers Druide","item":"https:\/\/druidebio.com\/fr\/univers-druide\/"},{"@type":"ListItem","position":3,"name":"Programme de fid\u00e9lit\u00e9"}]},{"@type":"WebSite","@id":"https:\/\/druidebio.com\/fr\/#website","url":"https:\/\/druidebio.com\/fr\/","name":"Laboratoires Druide\u00ae | Bio For Life","description":"Natural and Organic Products. ECOCERT\u00ae Certified.","publisher":{"@id":"https:\/\/druidebio.com\/fr\/#organization"},"alternateName":"Druide","potentialAction":[{"@type":"SearchAction","target":{"@type":"EntryPoint","urlTemplate":"https:\/\/druidebio.com\/fr\/?s={search_term_string}"},"query-input":{"@type":"PropertyValueSpecification","valueRequired":true,"valueName":"search_term_string"}}],"inLanguage":"fr-FR"},{"@type":"Organization","@id":"https:\/\/druidebio.com\/fr\/#organization","name":"Druide","alternateName":"Laboratoires Druide","url":"https:\/\/druidebio.com\/fr\/","logo":{"@type":"ImageObject","inLanguage":"fr-FR","@id":"https:\/\/druidebio.com\/fr\/#\/schema\/logo\/image\/","url":"https:\/\/druidebio.com\/wp-content\/uploads\/2022\/08\/logo-fav.png","contentUrl":"https:\/\/druidebio.com\/wp-content\/uploads\/2022\/08\/logo-fav.png","width":512,"height":512,"caption":"Druide"},"image":{"@id":"https:\/\/druidebio.com\/fr\/#\/schema\/logo\/image\/"},"sameAs":["https:\/\/www.facebook.com\/infodruide","https:\/\/www.instagram.com\/druidebio\/","https:\/\/www.pinterest.ca\/DruideBioCanada\/","https:\/\/www.youtube.com\/user\/DRUIDECANADA"]}]}},"_links":{"self":[{"href":"https:\/\/druidebio.com\/fr\/wp-json\/wp\/v2\/pages\/1986","targetHints":{"allow":["GET"]}}],"collection":[{"href":"https:\/\/druidebio.com\/fr\/wp-json\/wp\/v2\/pages"}],"about":[{"href":"https:\/\/druidebio.com\/fr\/wp-json\/wp\/v2\/types\/page"}],"author":[{"embeddable":true,"href":"https:\/\/druidebio.com\/fr\/wp-json\/wp\/v2\/users\/1"}],"replies":[{"embeddable":true,"href":"https:\/\/druidebio.com\/fr\/wp-json\/wp\/v2\/comments?post=1986"}],"version-history":[{"count":0,"href":"https:\/\/druidebio.com\/fr\/wp-json\/wp\/v2\/pages\/1986\/revisions"}],"up":[{"embeddable":true,"href":"https:\/\/druidebio.com\/fr\/wp-json\/wp\/v2\/pages\/1981"}],"wp:attachment":[{"href":"https:\/\/druidebio.com\/fr\/wp-json\/wp\/v2\/media?parent=1986"}],"curies":[{"name":"wp","href":"https:\/\/api.w.org\/{rel}","templated":true}]}}